{"id":15,"date":"2023-12-08T23:48:21","date_gmt":"2023-12-08T23:48:21","guid":{"rendered":"https:\/\/cesvy.ddns.net\/?page_id=15"},"modified":"2024-08-07T17:25:30","modified_gmt":"2024-08-07T17:25:30","slug":"portafolio","status":"publish","type":"page","link":"https:\/\/cesvy.ddns.net\/?page_id=15","title":{"rendered":"Acciones"},"content":{"rendered":"<style>\/*! elementor - v3.23.0 - 05-08-2024 *\/\n.elementor-heading-title{padding:0;margin:0;line-height:1}.elementor-widget-heading .elementor-heading-title[class*=elementor-size-]>a{color:inherit;font-size:inherit;line-height:inherit}.elementor-widget-heading .elementor-heading-title.elementor-size-small{font-size:15px}.elementor-widget-heading .elementor-heading-title.elementor-size-medium{font-size:19px}.elementor-widget-heading .elementor-heading-title.elementor-size-large{font-size:29px}.elementor-widget-heading .elementor-heading-title.elementor-size-xl{font-size:39px}.elementor-widget-heading .elementor-heading-title.elementor-size-xxl{font-size:59px}<\/style>\n<h1>Acciones Realizadas<\/h1>\n<h2>Plagas Reglamentadas de los C\u00edtricos<\/h2>\n<style>\/*! elementor - v3.23.0 - 05-08-2024 *\/\n.elementor-widget-image{text-align:center}.elementor-widget-image a{display:inline-block}.elementor-widget-image a img[src$=\".svg\"]{width:48px}.elementor-widget-image img{vertical-align:middle;display:inline-block}<\/style>\n<figure>\n\t\t\t\t\t\t\t\t\t\t\t<a href=\"https:\/\/cesvy.ddns.net\/wp-content\/uploads\/2024\/08\/grafica-1.png\" data-elementor-open-lightbox=\"yes\" data-elementor-lightbox-title=\"grafica 1\" data-e-action-hash=\"#elementor-action%3Aaction%3Dlightbox%26settings%3DeyJpZCI6NDAxLCJ1cmwiOiJodHRwczpcL1wvY2VzdnkuZGRucy5uZXRcL3dwLWNvbnRlbnRcL3VwbG9hZHNcLzIwMjRcLzA4XC9ncmFmaWNhLTEucG5nIn0%3D\"><br \/>\n\t\t\t\t\t\t\t<img loading=\"lazy\" decoding=\"async\" width=\"1200\" height=\"484\" src=\"https:\/\/cesvy.ddns.net\/wp-content\/uploads\/2024\/08\/grafica-1-1536x620.png\" alt=\"\" srcset=\"https:\/\/cesvy.ddns.net\/wp-content\/uploads\/2024\/08\/grafica-1-1536x620.png 1536w, https:\/\/cesvy.ddns.net\/wp-content\/uploads\/2024\/08\/grafica-1-300x121.png 300w, https:\/\/cesvy.ddns.net\/wp-content\/uploads\/2024\/08\/grafica-1-1024x413.png 1024w, https:\/\/cesvy.ddns.net\/wp-content\/uploads\/2024\/08\/grafica-1-768x310.png 768w, https:\/\/cesvy.ddns.net\/wp-content\/uploads\/2024\/08\/grafica-1.png 1610w\" sizes=\"auto, (max-width: 1200px) 100vw, 1200px\" \/>\t\t\t\t\t\t\t\t<\/a><figcaption>Resultado de monitoreo del PAC con trampas<\/figcaption><\/figure>\n<p style=\"text-align: justify;\">Como resultado de monitoreo del PAC con trampas, el pico poblacional, los mayores se presentan durante el periodo de junio, y septiembre. Para evitar alta poblaci\u00f3n en septiembre es importe realizar el control en julio o agosto.<\/p>\n<figure>\n\t\t\t\t\t\t\t\t\t\t\t<a href=\"https:\/\/cesvy.ddns.net\/wp-content\/uploads\/2024\/08\/Imagen1.jpg\" data-elementor-open-lightbox=\"no\"><br \/>\n\t\t\t\t\t\t\t<img decoding=\"async\" src=\"https:\/\/cesvy.ddns.net\/wp-content\/uploads\/elementor\/thumbs\/Imagen1-qs8f19wtp3wgzcd0rwdd7isvili12iz9w5xht0mmm8.jpg\" title=\"Tabla realizado 20a24\" alt=\"Tabla realizado 20a24\" loading=\"lazy\" \/>\t\t\t\t\t\t\t\t<\/a><figcaption>Tabla 1 acciones realizadas 2020 a 2024<\/figcaption><\/figure>\n<figure>\n\t\t\t\t\t\t\t\t\t\t\t<a href=\"https:\/\/cesvy.ddns.net\/wp-content\/uploads\/2024\/08\/Imagen2.jpg\" data-elementor-open-lightbox=\"no\"><br \/>\n\t\t\t\t\t\t\t<img decoding=\"async\" src=\"https:\/\/cesvy.ddns.net\/wp-content\/uploads\/elementor\/thumbs\/Imagen2-qs8f4o3uqaeh0493y5gztbgq5e5p18jgxd0b4qsni8.jpg\" title=\"Tabla 2 realizado 20a24\" alt=\"Tabla 2 realizado 20a24\" loading=\"lazy\" \/>\t\t\t\t\t\t\t\t<\/a><figcaption>Tabla 2 acciones realzadas 2020 a2024<\/figcaption><\/figure>\n<p style=\"text-align: justify;\">Con los resultados del monitoreo, ha permite determinar el periodo oportuno para el control regional del PAC, para mitigar los efectos del HLB, a 15 a\u00f1os de su primera detecci\u00f3n en Yucat\u00e1n, no se observa muerte masiva de \u00e1rboles, como ha ocurrido en otros Estados. Exploraci\u00f3n y muestreo permite detectar oportunamente, la presencia de plagas y enfermedades u otros pat\u00f3genos que ponen en riesgo la producci\u00f3n citr\u00edcola, el caso de la leprosis de los c\u00edtricos, en 2020 a 2022 se tuvieron las mayores detecciones, gracias a la oportuna aplicaci\u00f3n de medidas de control, en 2023 se encontr\u00f3 8 \u00e1rboles con s\u00edntomas y 2 en lo que va el 2024.\u00a0 La capacitaci\u00f3n a 4,718 productores, ha sido fundamental para la realizaci\u00f3n oportuno de las acciones estrat\u00e9gicas de la campa\u00f1a, tal es el caso, el de permitir el acceso a sus predios, pero, sobre todo, las acciones de control, que realizan en sus predios, ha permitido reducir la velocidad de diseminaci\u00f3n del HLB Y CTV, principalmente. En el mapa se puede apreciar el \u00e1rea de acci\u00f3n incluyendo Tizim\u00edn, Espita y Yaxcaba, para el control del PAC.<\/p>\n<figure>\n\t\t\t\t\t\t\t\t\t\t\t<a href=\"https:\/\/cesvy.ddns.net\/wp-content\/uploads\/2024\/08\/mapa-1.jpg\" data-elementor-open-lightbox=\"yes\" data-elementor-lightbox-title=\"cobertura plagas de los c\u00edtricos\" data-e-action-hash=\"#elementor-action%3Aaction%3Dlightbox%26settings%3DeyJpZCI6NDk2LCJ1cmwiOiJodHRwczpcL1wvY2VzdnkuZGRucy5uZXRcL3dwLWNvbnRlbnRcL3VwbG9hZHNcLzIwMjRcLzA4XC9tYXBhLTEuanBnIn0%3D\"><br \/>\n\t\t\t\t\t\t\t<img decoding=\"async\" src=\"https:\/\/cesvy.ddns.net\/wp-content\/uploads\/elementor\/thumbs\/mapa-1-qs9ntuv9k0n84dif5kocql0ev1gim69yxd8fl8kh6o.jpg\" title=\"cobertura plagas de los c\u00edtricos\" alt=\"cobertura plagas de los c\u00edtricos\" loading=\"lazy\" \/>\t\t\t\t\t\t\t\t<\/a><figcaption>Cobertura de la campa\u00f1a contra plagas de los c\u00edtricos<\/figcaption><\/figure>\n","protected":false},"excerpt":{"rendered":"<p>Acciones Realizadas Plagas Reglamentadas de los C\u00edtricos Resultado de monitoreo del PAC con trampas Como resultado de monitoreo del PAC con trampas, el pico poblacional, los mayores se presentan durante el periodo de junio, y septiembre. Para evitar alta poblaci\u00f3n en septiembre es importe realizar el control en julio o agosto. Tabla 1 acciones realizadas&hellip;&nbsp;<a href=\"https:\/\/cesvy.ddns.net\/?page_id=15\" rel=\"bookmark\">Leer m\u00e1s &raquo;<span class=\"screen-reader-text\">Acciones<\/span><\/a><\/p>\n","protected":false},"author":1,"featured_media":0,"parent":0,"menu_order":0,"comment_status":"closed","ping_status":"closed","template":"","meta":{"neve_meta_sidebar":"","neve_meta_container":"","neve_meta_enable_content_width":"on","neve_meta_content_width":100,"neve_meta_title_alignment":"","neve_meta_author_avatar":"","neve_post_elements_order":"","neve_meta_disable_header":"","neve_meta_disable_footer":"","neve_meta_disable_title":"on","footnotes":""},"class_list":["post-15","page","type-page","status-publish","hentry"],"_links":{"self":[{"href":"https:\/\/cesvy.ddns.net\/index.php?rest_route=\/wp\/v2\/pages\/15","targetHints":{"allow":["GET"]}}],"collection":[{"href":"https:\/\/cesvy.ddns.net\/index.php?rest_route=\/wp\/v2\/pages"}],"about":[{"href":"https:\/\/cesvy.ddns.net\/index.php?rest_route=\/wp\/v2\/types\/page"}],"author":[{"embeddable":true,"href":"https:\/\/cesvy.ddns.net\/index.php?rest_route=\/wp\/v2\/users\/1"}],"replies":[{"embeddable":true,"href":"https:\/\/cesvy.ddns.net\/index.php?rest_route=%2Fwp%2Fv2%2Fcomments&post=15"}],"version-history":[{"count":113,"href":"https:\/\/cesvy.ddns.net\/index.php?rest_route=\/wp\/v2\/pages\/15\/revisions"}],"predecessor-version":[{"id":517,"href":"https:\/\/cesvy.ddns.net\/index.php?rest_route=\/wp\/v2\/pages\/15\/revisions\/517"}],"wp:attachment":[{"href":"https:\/\/cesvy.ddns.net\/index.php?rest_route=%2Fwp%2Fv2%2Fmedia&parent=15"}],"curies":[{"name":"wp","href":"https:\/\/api.w.org\/{rel}","templated":true}]}}