{"id":13,"date":"2023-12-08T23:48:21","date_gmt":"2023-12-08T23:48:21","guid":{"rendered":"https:\/\/cesvy.ddns.net\/?page_id=13"},"modified":"2025-08-26T23:45:33","modified_gmt":"2025-08-26T23:45:33","slug":"acerca-de","status":"publish","type":"page","link":"https:\/\/cesvy.ddns.net\/?page_id=13","title":{"rendered":"Acerca de"},"content":{"rendered":"\n<h2 class=\"wp-block-heading\">Sobre Nostros<\/h2>\n\n\n\n<h3 class=\"wp-block-heading\"><strong>\u00bfQUIENES SOMOS?<\/strong><\/h3>\n\n\n\n<p class=\"has-nv-light-bg-background-color has-background\">El Comit\u00e9 Estatal de Sanidad Vegetal de Yucat\u00e1n (CESVY) es un organismo auxiliar del Servicio Nacional de Sanidad, Inocuidad y Calidad Agroalimentaria (SENASICA) que se encarga de formular y operar programas fitosanitarios con la finalidad de proteger la agricultura y a los productores agr\u00edcolas del estado de Yucat\u00e1n.<\/p>\n\n\n\n<h3 class=\"wp-block-heading\"><strong>MISI\u00d3N<\/strong><\/h3>\n\n\n\n<p class=\"has-nv-light-bg-background-color has-background\">Aplicar y mantener las campa\u00f1as que aseguren la prevenci\u00f3n de entrada de plagas y control de las existentes en el Estado de Yucat\u00e1n, con prop\u00f3sito de fortalecer la producci\u00f3n agropecuaria, para un mejor desarrollo de los productores y sus cosechas.<\/p>\n\n\n\n<h3 class=\"wp-block-heading\"><strong>VISI\u00d3N<\/strong><\/h3>\n\n\n\n<p class=\"has-nv-light-bg-background-color has-background\">Consolidar al CESVY como \u00f3rgano de apoyo, competente en tecnolog\u00eda y recurso humano, experto en protecci\u00f3n de productos vegetales en el Estado de Yucat\u00e1n y l\u00edder propulsor del bienestar e inocuidad agr\u00edcola a nivel nacional.<\/p>\n\n\n\n<h3 class=\"wp-block-heading\"><strong>OBJETIVOS GENERALES<\/strong><\/h3>\n\n\n\n<ul class=\"wp-block-list has-nv-light-bg-background-color has-background\">\n<li>Control y erradicaci\u00f3n de plagas y\/o enfermedades agr\u00edcolas<\/li>\n\n\n\n<li>Preservar y proteger los status sanitarios alcanzados<\/li>\n\n\n\n<li>Promover e instrumentar programas que reduzcan los riesgos de contaminaci\u00f3n f\u00edsica, qu\u00edmica\u00a0 y microbiol\u00f3gica en la producci\u00f3n de alimentos de consumo humano.<\/li>\n\n\n\n<li>Estimular a productores a mantener su compromiso de lograr avances sanitarios, que resulten en cambios de status sanitario.<\/li>\n<\/ul>\n\n\n\n<p><\/p>\n","protected":false},"excerpt":{"rendered":"<p>Sobre Nostros \u00bfQUIENES SOMOS? El Comit\u00e9 Estatal de Sanidad Vegetal de Yucat\u00e1n (CESVY) es un organismo auxiliar del Servicio Nacional de Sanidad, Inocuidad y Calidad Agroalimentaria (SENASICA) que se encarga de formular y operar programas fitosanitarios con la finalidad de proteger la agricultura y a los productores agr\u00edcolas del estado de Yucat\u00e1n. MISI\u00d3N Aplicar y&hellip;&nbsp;<a href=\"https:\/\/cesvy.ddns.net\/?page_id=13\" rel=\"bookmark\">Leer m\u00e1s &raquo;<span class=\"screen-reader-text\">Acerca de<\/span><\/a><\/p>\n","protected":false},"author":1,"featured_media":0,"parent":0,"menu_order":0,"comment_status":"closed","ping_status":"closed","template":"","meta":{"neve_meta_sidebar":"","neve_meta_container":"","neve_meta_enable_content_width":"on","neve_meta_content_width":100,"neve_meta_title_alignment":"","neve_meta_author_avatar":"","neve_post_elements_order":"","neve_meta_disable_header":"","neve_meta_disable_footer":"","neve_meta_disable_title":"on","footnotes":""},"class_list":["post-13","page","type-page","status-publish","hentry"],"_links":{"self":[{"href":"https:\/\/cesvy.ddns.net\/index.php?rest_route=\/wp\/v2\/pages\/13","targetHints":{"allow":["GET"]}}],"collection":[{"href":"https:\/\/cesvy.ddns.net\/index.php?rest_route=\/wp\/v2\/pages"}],"about":[{"href":"https:\/\/cesvy.ddns.net\/index.php?rest_route=\/wp\/v2\/types\/page"}],"author":[{"embeddable":true,"href":"https:\/\/cesvy.ddns.net\/index.php?rest_route=\/wp\/v2\/users\/1"}],"replies":[{"embeddable":true,"href":"https:\/\/cesvy.ddns.net\/index.php?rest_route=%2Fwp%2Fv2%2Fcomments&post=13"}],"version-history":[{"count":74,"href":"https:\/\/cesvy.ddns.net\/index.php?rest_route=\/wp\/v2\/pages\/13\/revisions"}],"predecessor-version":[{"id":594,"href":"https:\/\/cesvy.ddns.net\/index.php?rest_route=\/wp\/v2\/pages\/13\/revisions\/594"}],"wp:attachment":[{"href":"https:\/\/cesvy.ddns.net\/index.php?rest_route=%2Fwp%2Fv2%2Fmedia&parent=13"}],"curies":[{"name":"wp","href":"https:\/\/api.w.org\/{rel}","templated":true}]}}