{"id":12,"date":"2023-12-08T23:48:20","date_gmt":"2023-12-08T23:48:20","guid":{"rendered":"https:\/\/cesvy.ddns.net\/?page_id=12"},"modified":"2025-08-28T19:10:12","modified_gmt":"2025-08-28T19:10:12","slug":"inicio","status":"publish","type":"page","link":"https:\/\/cesvy.ddns.net\/","title":{"rendered":"Inicio"},"content":{"rendered":"\n<p><\/p>\n\n\n<div class=\"wp-block-image\">\n<figure class=\"aligncenter\"><img decoding=\"async\" src=\"https:\/\/cesvy.ddns.net\/wp-content\/uploads\/2024\/03\/cropped-logo-web.png\" alt=\"\"\/><\/figure><\/div>\n\n\n<h2 class=\"wp-block-heading has-text-align-center\">Comit\u00e9 Estatal de Sanidad Vegetal de Yucat\u00e1n<\/h2>\n\n\n\n<p class=\"has-text-align-center\"><strong>Trabajamos en que logres la inocuidad agroalimentaria junto a la prevenci\u00f3n y control de plagas en el Estado.<\/strong><\/p>\n\n\n<div class=\"wp-block-image\">\n<figure class=\"aligncenter\"><img decoding=\"async\" src=\"https:\/\/cesvy.ddns.net\/wp-content\/uploads\/2024\/06\/portada-1024x576.png\" alt=\"\"\/><\/figure><\/div>\n\n\n<p><\/p>\n\n\n\n<h2 class=\"wp-block-heading has-text-align-center has-large-font-size\"><strong><mark style=\"background-color:rgba(0, 0, 0, 0)\" class=\"has-inline-color has-nv-c-1-color\">Exploramos<\/mark><\/strong><\/h2>\n\n\n\n<p class=\"has-text-align-center\">A lo largo de todo el Estado se realiza una b\u00fasqueda constante de plagas externas no presentes.<\/p>\n\n\n\n<h2 class=\"wp-block-heading has-text-align-center has-large-font-size\"><strong><mark style=\"background-color:rgba(0, 0, 0, 0)\" class=\"has-inline-color has-nv-c-1-color\">Muestreamos<\/mark><\/strong><\/h2>\n\n\n\n<p class=\"has-text-align-center\">En los cultivos susceptibles a las plagas programadas a trabajar en el a\u00f1o.<\/p>\n\n\n\n<h2 class=\"wp-block-heading has-text-align-center has-large-font-size\"><strong><mark style=\"background-color:rgba(0, 0, 0, 0)\" class=\"has-inline-color has-nv-c-1-color\">Controlamos<\/mark><\/strong><\/h2>\n\n\n\n<p class=\"has-text-align-center\">Se realizan aplicaciones para control de plagas y recomendaci\u00f3n a productores para su manejo o erradicaci\u00f3n.&nbsp;<\/p>\n\n\n\n<figure class=\"wp-block-embed is-type-video is-provider-youtube wp-block-embed-youtube wp-embed-aspect-16-9 wp-has-aspect-ratio\"><div class=\"wp-block-embed__wrapper\">\n<div class=\"nv-iframe-embed\"><iframe loading=\"lazy\" title=\"Introducci\u00f3n\" width=\"1200\" height=\"675\" src=\"https:\/\/www.youtube.com\/embed\/xPiccNLAPBQ?feature=oembed\" frameborder=\"0\" allow=\"accelerometer; autoplay; clipboard-write; encrypted-media; gyroscope; picture-in-picture; web-share\" referrerpolicy=\"strict-origin-when-cross-origin\" allowfullscreen><\/iframe><\/div>\n<\/div><\/figure>\n\n\n\n<div style=\"height:15px\" aria-hidden=\"true\" class=\"wp-block-spacer\"><\/div>\n\n\n\n<h3 class=\"wp-block-heading has-text-align-center\">Cont\u00e1ctanos<br><i class=\"fa-thin fa-address-card fa-bounce fa-lg\" style=\"color: #63E6BE;\"><\/i><\/h3>\n\n\n\n<div class=\"wp-block-font-awesome-icon wp-font-awesome-icon\" style=\"display:flex;justify-content:center\"><svg aria-hidden=\"true\" focusable=\"false\" data-prefix=\"fas\" data-icon=\"address-card\" class=\"svg-inline--fa fa-address-card \" role=\"img\" xmlns=\"http:\/\/www.w3.org\/2000\/svg\" viewBox=\"0 0 576 512\" style=\"font-size:4em\" color=\"var(--nv-primary-accent)\"><path fill=\"currentColor\" d=\"M64 32C28.7 32 0 60.7 0 96L0 416c0 35.3 28.7 64 64 64l448 0c35.3 0 64-28.7 64-64l0-320c0-35.3-28.7-64-64-64L64 32zm80 256l64 0c44.2 0 80 35.8 80 80 0 8.8-7.2 16-16 16L80 384c-8.8 0-16-7.2-16-16 0-44.2 35.8-80 80-80zm-24-96a56 56 0 1 1 112 0 56 56 0 1 1 -112 0zm240-48l112 0c13.3 0 24 10.7 24 24s-10.7 24-24 24l-112 0c-13.3 0-24-10.7-24-24s10.7-24 24-24zm0 96l112 0c13.3 0 24 10.7 24 24s-10.7 24-24 24l-112 0c-13.3 0-24-10.7-24-24s10.7-24 24-24z\"><\/path><\/svg><\/div>\n\n\n\n<div style=\"height:16px\" aria-hidden=\"true\" class=\"wp-block-spacer\"><\/div>\n\n\n\n<p>Tel\u00e9fono: <a href=\"tel:9999460010\">9-46-00-10<\/a><\/p>\n\n\n\n<p>Email: <a href=\"mailto:cesvy@cesvy.org.mx\">cesvy@cesvy.org.mx<\/a><\/p>\n\n\n\n<p>Direcci\u00f3n: Calle 19 #443 entre 26 y 28 Cd. Industrial C.P. 97288<\/p>\n\n\n\n<iframe loading=\"lazy\" frameborder=\"0\" height=\"450\" src=\"https:\/\/www.google.com\/maps\/embed?pb=!1m14!1m8!1m3!1d3726.6020074786297!2d-89.684794!3d20.928326!3m2!1i1024!2i768!4f13.1!3m3!1m2!1s0x0%3A0x7fb62a505ffa8a80!2sComit%C3%A9+Estatal+de+Sanidad+Vegetal+de+Yucat%C3%A1n+(CESVY)!5e0!3m2!1ses-419!2smx!4v1401985338406\" style=\"border: 0;\" width=\"100%\"><\/iframe>\n\n\n\n<p><\/p>\n","protected":false},"excerpt":{"rendered":"<p>Comit\u00e9 Estatal de Sanidad Vegetal de Yucat\u00e1n Trabajamos en que logres la inocuidad agroalimentaria junto a la prevenci\u00f3n y control de plagas en el Estado. Exploramos A lo largo de todo el Estado se realiza una b\u00fasqueda constante de plagas externas no presentes. Muestreamos En los cultivos susceptibles a las plagas programadas a trabajar en&hellip;&nbsp;<a href=\"https:\/\/cesvy.ddns.net\/\" rel=\"bookmark\">Leer m\u00e1s &raquo;<span class=\"screen-reader-text\">Inicio<\/span><\/a><\/p>\n","protected":false},"author":1,"featured_media":0,"parent":0,"menu_order":0,"comment_status":"closed","ping_status":"closed","template":"","meta":{"neve_meta_sidebar":"","neve_meta_container":"","neve_meta_enable_content_width":"on","neve_meta_content_width":100,"neve_meta_title_alignment":"","neve_meta_author_avatar":"","neve_post_elements_order":"","neve_meta_disable_header":"","neve_meta_disable_footer":"","neve_meta_disable_title":"on","footnotes":""},"class_list":["post-12","page","type-page","status-publish","hentry"],"_links":{"self":[{"href":"https:\/\/cesvy.ddns.net\/index.php?rest_route=\/wp\/v2\/pages\/12","targetHints":{"allow":["GET"]}}],"collection":[{"href":"https:\/\/cesvy.ddns.net\/index.php?rest_route=\/wp\/v2\/pages"}],"about":[{"href":"https:\/\/cesvy.ddns.net\/index.php?rest_route=\/wp\/v2\/types\/page"}],"author":[{"embeddable":true,"href":"https:\/\/cesvy.ddns.net\/index.php?rest_route=\/wp\/v2\/users\/1"}],"replies":[{"embeddable":true,"href":"https:\/\/cesvy.ddns.net\/index.php?rest_route=%2Fwp%2Fv2%2Fcomments&post=12"}],"version-history":[{"count":168,"href":"https:\/\/cesvy.ddns.net\/index.php?rest_route=\/wp\/v2\/pages\/12\/revisions"}],"predecessor-version":[{"id":616,"href":"https:\/\/cesvy.ddns.net\/index.php?rest_route=\/wp\/v2\/pages\/12\/revisions\/616"}],"wp:attachment":[{"href":"https:\/\/cesvy.ddns.net\/index.php?rest_route=%2Fwp%2Fv2%2Fmedia&parent=12"}],"curies":[{"name":"wp","href":"https:\/\/api.w.org\/{rel}","templated":true}]}}